{"id":94,"date":"2015-03-23T15:13:47","date_gmt":"2015-03-23T15:13:47","guid":{"rendered":"http:\/\/kozlowo-sorkwity.pl\/?page_id=94"},"modified":"2019-03-31T10:32:37","modified_gmt":"2019-03-31T10:32:37","slug":"ekspertyza","status":"publish","type":"page","link":"https:\/\/kozlowo-sorkwity.pl\/?page_id=94","title":{"rendered":"Ekspertyzy"},"content":{"rendered":"<p><strong><a href=\"http:\/\/kozlowo-sorkwity.pl\/wp-content\/uploads\/2015\/03\/Ekspertyza_przyrodnicza_wsi_Koz__owo_i_okolic.pdf\">Ekspertyza_przyrodnicza_wsi_Koz\u0142owo_i_okolic 2011<\/a><\/strong><\/p>\n<p><em>Za\u0142\u0105czniki do Ekspertyzy:<\/em><\/p>\n<p><a href=\"http:\/\/kozlowo-sorkwity.pl\/wp-content\/uploads\/2015\/03\/Za\u0142\u0105cznik-nr-1-mapka.pdf\">Za\u0142\u0105cznik nr 1 &#8211; mapka<\/a><\/p>\n<p><a href=\"http:\/\/kozlowo-sorkwity.pl\/wp-content\/uploads\/2015\/03\/Za\u0142\u0105cznik-nr-2-SIEDLISKA.pdf\">Za\u0142\u0105cznik nr 2 &#8211; SIEDLISKA<\/a><\/p>\n<p><a href=\"http:\/\/kozlowo-sorkwity.pl\/wp-content\/uploads\/2015\/03\/Za\u0142\u0105cznik-nr-3.pdf\">Za\u0142\u0105cznik nr 3\u00a0\u00a0\u00a0\u00a0 <\/a><a href=\"http:\/\/kozlowo-sorkwity.pl\/wp-content\/uploads\/2015\/03\/Za\u0142\u0105cznik-nr-4.pdf\">Za\u0142\u0105cznik nr 4\u00a0\u00a0\u00a0\u00a0 <\/a><a href=\"http:\/\/kozlowo-sorkwity.pl\/wp-content\/uploads\/2015\/03\/Za\u0142\u0105cznik-nr-5.pdf\">Za\u0142\u0105cznik nr 5\u00a0\u00a0\u00a0\u00a0 <\/a><a href=\"http:\/\/kozlowo-sorkwity.pl\/wp-content\/uploads\/2015\/03\/Za\u0142\u0105cznik-nr-6.pdf\">Za\u0142\u0105cznik nr 6<\/a><\/p>\n<p><a href=\"http:\/\/kozlowo-sorkwity.pl\/wp-content\/uploads\/2015\/03\/Za\u0142\u0105cznik-nr-7.pdf\">Za\u0142\u0105cznik nr 7\u00a0\u00a0\u00a0\u00a0 <\/a><a href=\"http:\/\/kozlowo-sorkwity.pl\/wp-content\/uploads\/2015\/03\/Za\u0142\u0105cznik-nr-8.pdf\">Za\u0142\u0105cznik nr 8\u00a0\u00a0\u00a0\u00a0 <\/a><a href=\"http:\/\/kozlowo-sorkwity.pl\/wp-content\/uploads\/2015\/03\/Za\u0142\u0105cznik-nr-9.pdf\">Za\u0142\u0105cznik nr 9\u00a0\u00a0\u00a0\u00a0 <\/a><a href=\"http:\/\/kozlowo-sorkwity.pl\/wp-content\/uploads\/2015\/03\/Za\u0142\u0105cznik-nr-10.pdf\">Za\u0142\u0105cznik nr 10<\/a><\/p>\n<p><a href=\"http:\/\/kozlowo-sorkwity.pl\/wp-content\/uploads\/2015\/03\/Za\u0142\u0105cznik-nr-11.pdf\">Za\u0142\u0105cznik nr 11\u00a0\u00a0\u00a0\u00a0 <\/a><a href=\"http:\/\/kozlowo-sorkwity.pl\/wp-content\/uploads\/2015\/03\/Za\u0142\u0105cznik-nr-12.pdf\">Za\u0142\u0105cznik nr 12\u00a0\u00a0\u00a0 <\/a><a href=\"http:\/\/kozlowo-sorkwity.pl\/wp-content\/uploads\/2015\/03\/Za\u0142\u0105cznik-nr-13.pdf\">Za\u0142\u0105cznik nr 13\u00a0\u00a0\u00a0 <\/a><a href=\"http:\/\/kozlowo-sorkwity.pl\/wp-content\/uploads\/2015\/03\/Za\u0142\u0105cznik-nr-14.pdf\">Za\u0142\u0105cznik nr 14<\/a><\/p>\n<p>&nbsp;<\/p>\n<p>&nbsp;<\/p>\n<p>&nbsp;<\/p>\n","protected":false},"excerpt":{"rendered":"<p>Ekspertyza_przyrodnicza_wsi_Koz\u0142owo_i_okolic 2011 Za\u0142\u0105czniki do Ekspertyzy: Za\u0142\u0105cznik nr 1 &#8211; mapka Za\u0142\u0105cznik nr 2 &#8211; SIEDLISKA Za\u0142\u0105cznik nr 3\u00a0\u00a0\u00a0\u00a0 Za\u0142\u0105cznik nr 4\u00a0\u00a0\u00a0\u00a0 Za\u0142\u0105cznik nr 5\u00a0\u00a0\u00a0\u00a0 Za\u0142\u0105cznik nr 6 Za\u0142\u0105cznik nr 7\u00a0\u00a0\u00a0\u00a0 Za\u0142\u0105cznik nr 8\u00a0\u00a0\u00a0\u00a0 Za\u0142\u0105cznik nr 9\u00a0\u00a0\u00a0\u00a0 Za\u0142\u0105cznik nr 10 Za\u0142\u0105cznik nr 11\u00a0\u00a0\u00a0\u00a0 Za\u0142\u0105cznik nr 12\u00a0\u00a0\u00a0 Za\u0142\u0105cznik nr 13\u00a0\u00a0\u00a0 Za\u0142\u0105cznik nr 14 &nbsp; &nbsp; &nbsp;<\/p>\n","protected":false},"author":1,"featured_media":0,"parent":0,"menu_order":0,"comment_status":"closed","ping_status":"closed","template":"","meta":{"footnotes":""},"class_list":["post-94","page","type-page","status-publish","hentry"],"_links":{"self":[{"href":"https:\/\/kozlowo-sorkwity.pl\/index.php?rest_route=\/wp\/v2\/pages\/94"}],"collection":[{"href":"https:\/\/kozlowo-sorkwity.pl\/index.php?rest_route=\/wp\/v2\/pages"}],"about":[{"href":"https:\/\/kozlowo-sorkwity.pl\/index.php?rest_route=\/wp\/v2\/types\/page"}],"author":[{"embeddable":true,"href":"https:\/\/kozlowo-sorkwity.pl\/index.php?rest_route=\/wp\/v2\/users\/1"}],"replies":[{"embeddable":true,"href":"https:\/\/kozlowo-sorkwity.pl\/index.php?rest_route=%2Fwp%2Fv2%2Fcomments&post=94"}],"version-history":[{"count":17,"href":"https:\/\/kozlowo-sorkwity.pl\/index.php?rest_route=\/wp\/v2\/pages\/94\/revisions"}],"predecessor-version":[{"id":323,"href":"https:\/\/kozlowo-sorkwity.pl\/index.php?rest_route=\/wp\/v2\/pages\/94\/revisions\/323"}],"wp:attachment":[{"href":"https:\/\/kozlowo-sorkwity.pl\/index.php?rest_route=%2Fwp%2Fv2%2Fmedia&parent=94"}],"curies":[{"name":"wp","href":"https:\/\/api.w.org\/{rel}","templated":true}]}}