{"id":75,"date":"2015-03-23T14:43:49","date_gmt":"2015-03-23T14:43:49","guid":{"rendered":"http:\/\/kozlowo-sorkwity.pl\/?page_id=75"},"modified":"2019-03-31T10:33:07","modified_gmt":"2019-03-31T10:33:07","slug":"zagrozenia","status":"publish","type":"page","link":"https:\/\/kozlowo-sorkwity.pl\/?page_id=75","title":{"rendered":"Zagro\u017cenia"},"content":{"rendered":"<div>\n<h3 class=\"r\"><a href=\"http:\/\/kozlowo-sorkwity.pl\/wp-content\/uploads\/2016\/04\/KurierMragowski_24.04.2016.jpg\"><img loading=\"lazy\" decoding=\"async\" class=\"alignnone wp-image-412\" src=\"http:\/\/kozlowo-sorkwity.pl\/wp-content\/uploads\/2016\/04\/KurierMragowski_24.04.2016-244x300.jpg\" alt=\"KurierMragowski_24.04.2016\" width=\"432\" height=\"531\" srcset=\"https:\/\/kozlowo-sorkwity.pl\/wp-content\/uploads\/2016\/04\/KurierMragowski_24.04.2016-244x300.jpg 244w, https:\/\/kozlowo-sorkwity.pl\/wp-content\/uploads\/2016\/04\/KurierMragowski_24.04.2016-832x1024.jpg 832w\" sizes=\"(max-width: 432px) 100vw, 432px\" \/><\/a><\/h3>\n<h3 class=\"r\"><a href=\"http:\/\/kozlowo-sorkwity.pl\/wp-content\/uploads\/2016\/04\/Koz\u0142owo-nie-chce-fermy-300x168.jpg\"><img loading=\"lazy\" decoding=\"async\" class=\"alignnone  wp-image-415\" src=\"http:\/\/kozlowo-sorkwity.pl\/wp-content\/uploads\/2016\/04\/Koz\u0142owo-nie-chce-fermy-300x168-300x168.jpg\" alt=\"Koz\u0142owo-nie-chce-fermy-300x168\" width=\"446\" height=\"250\" \/><\/a><\/h3>\n<h3 class=\"r\">Pierwsza relacja ze spotkania w Radiu Olsztyn<\/h3>\n<\/div>\n<div><a href=\"http:\/\/ro.com.pl\/nie-dla-fermy-indykow-w-kozlowie\/01272114\">http:\/\/ro.com.pl\/nie-dla-fermy-indykow-w-kozlowie\/01272114<\/a><\/div>\n<div><\/div>\n<div>\n<h3 class=\"r\"><a href=\"https:\/\/www.google.pl\/url?sa=t&amp;rct=j&amp;q=&amp;esrc=s&amp;source=web&amp;cd=1&amp;cad=rja&amp;uact=8&amp;ved=0ahUKEwiIisik6qTMAhVNKywKHW-2A9YQFgghMAA&amp;url=https%3A%2F%2Fwww.facebook.com%2FStop-dla-budowy-fermy-indyk%25C3%25B3w-w-Koz%25C5%2582owie-442332332608246%2F&amp;usg=AFQjCNFCcn8PAJ-TX9wjYvGCZsRRQ6d40A\">Stop dla budowy fermy indyk\u00f3w w Koz\u0142owie &#8211; Facebook<\/a><\/h3>\n<\/div>\n<div><\/div>\n<div><\/div>\n<div><strong>DNIA 18 kwietnia o godz. 18:30 w Szkole Podstawowej w Koz\u0142owie <\/strong><\/div>\n<div><strong>ZEBRANIE OTWARTE DLA WSZYSTKICH W SPRAWIE BUDOWY FERMY<\/strong><\/div>\n<div><a href=\"http:\/\/kozlowo-sorkwity.pl\/wp-content\/uploads\/2016\/04\/dojazd.jpg\"><img loading=\"lazy\" decoding=\"async\" class=\"alignnone size-medium wp-image-403\" src=\"http:\/\/kozlowo-sorkwity.pl\/wp-content\/uploads\/2016\/04\/dojazd-286x300.jpg\" alt=\"dojazd\" width=\"286\" height=\"300\" srcset=\"https:\/\/kozlowo-sorkwity.pl\/wp-content\/uploads\/2016\/04\/dojazd-286x300.jpg 286w, https:\/\/kozlowo-sorkwity.pl\/wp-content\/uploads\/2016\/04\/dojazd-976x1024.jpg 976w\" sizes=\"(max-width: 286px) 100vw, 286px\" \/><\/a><a href=\"http:\/\/kozlowo-sorkwity.pl\/wp-content\/uploads\/2016\/03\/Ferma_torfowiska1.jpg\"><img loading=\"lazy\" decoding=\"async\" class=\"alignnone size-medium wp-image-377\" src=\"http:\/\/kozlowo-sorkwity.pl\/wp-content\/uploads\/2016\/03\/Ferma_torfowiska1-205x300.jpg\" alt=\"Ferma_torfowiska1\" width=\"205\" height=\"300\" srcset=\"https:\/\/kozlowo-sorkwity.pl\/wp-content\/uploads\/2016\/03\/Ferma_torfowiska1-205x300.jpg 205w, https:\/\/kozlowo-sorkwity.pl\/wp-content\/uploads\/2016\/03\/Ferma_torfowiska1-699x1024.jpg 699w\" sizes=\"(max-width: 205px) 100vw, 205px\" \/><\/a><\/div>\n<div><\/div>\n<div><strong><a href=\"http:\/\/kozlowo-sorkwity.pl\/wp-content\/uploads\/2016\/03\/panorama_ferma.jpg\"><img loading=\"lazy\" decoding=\"async\" class=\"alignnone wp-image-379\" src=\"http:\/\/kozlowo-sorkwity.pl\/wp-content\/uploads\/2016\/03\/panorama_ferma-300x238.jpg\" alt=\"panorama_ferma\" width=\"438\" height=\"348\" srcset=\"https:\/\/kozlowo-sorkwity.pl\/wp-content\/uploads\/2016\/03\/panorama_ferma-300x238.jpg 300w, https:\/\/kozlowo-sorkwity.pl\/wp-content\/uploads\/2016\/03\/panorama_ferma-1024x811.jpg 1024w\" sizes=\"(max-width: 438px) 100vw, 438px\" \/><\/a><\/strong> <a href=\"http:\/\/kozlowo-sorkwity.pl\/wp-content\/uploads\/2016\/03\/Ferma_torfowiska.jpg\"><img loading=\"lazy\" decoding=\"async\" class=\"alignnone size-medium wp-image-376\" src=\"http:\/\/kozlowo-sorkwity.pl\/wp-content\/uploads\/2016\/03\/Ferma_torfowiska-283x300.jpg\" alt=\"Ferma_torfowiska\" width=\"283\" height=\"300\" srcset=\"https:\/\/kozlowo-sorkwity.pl\/wp-content\/uploads\/2016\/03\/Ferma_torfowiska-283x300.jpg 283w, https:\/\/kozlowo-sorkwity.pl\/wp-content\/uploads\/2016\/03\/Ferma_torfowiska-967x1024.jpg 967w\" sizes=\"(max-width: 283px) 100vw, 283px\" \/><\/a><strong><a href=\"http:\/\/kozlowo-sorkwity.pl\/wp-content\/uploads\/2016\/03\/Ferma_torfowiska2.jpg\"><img loading=\"lazy\" decoding=\"async\" class=\"alignnone wp-image-378\" src=\"http:\/\/kozlowo-sorkwity.pl\/wp-content\/uploads\/2016\/03\/Ferma_torfowiska2-210x300.jpg\" alt=\"Ferma_torfowiska2\" width=\"230\" height=\"328\" srcset=\"https:\/\/kozlowo-sorkwity.pl\/wp-content\/uploads\/2016\/03\/Ferma_torfowiska2-210x300.jpg 210w, https:\/\/kozlowo-sorkwity.pl\/wp-content\/uploads\/2016\/03\/Ferma_torfowiska2-718x1024.jpg 718w\" sizes=\"(max-width: 230px) 100vw, 230px\" \/><\/a><\/strong><\/div>\n<div><strong>B U L W E R S U J \u0104 C E\u00a0\u00a0 P O S T A N O W I E N I E \u00a0 R D O \u015a &#8211; Olsztyn !<\/strong><\/div>\n<p><a href=\"http:\/\/kozlowo-sorkwity.pl\/wp-content\/uploads\/2016\/03\/Foto_kor.jpg\"><img loading=\"lazy\" decoding=\"async\" class=\" wp-image-393 alignleft\" src=\"http:\/\/kozlowo-sorkwity.pl\/wp-content\/uploads\/2016\/03\/Foto_kor-300x207.jpg\" alt=\"Foto_kor\" width=\"363\" height=\"251\" srcset=\"https:\/\/kozlowo-sorkwity.pl\/wp-content\/uploads\/2016\/03\/Foto_kor-300x207.jpg 300w, https:\/\/kozlowo-sorkwity.pl\/wp-content\/uploads\/2016\/03\/Foto_kor-1024x707.jpg 1024w\" sizes=\"(max-width: 363px) 100vw, 363px\" \/><\/a><strong>Dnia 29.02.2016 Regionalna Dyrekcja Ochrony \u015arodowiska\u00a0\u00a0 w Olsztynie wyda\u0142a<\/strong> <strong>pozytywne p<\/strong><strong>ostanowienie dla budowy <\/strong><strong>Fermy indyczej w Koz\u0142owie:<\/strong><\/p>\n<p><em><strong><a href=\"http:\/\/kozlowo-sorkwity.pl\/wp-content\/uploads\/2016\/03\/Postanowienie_RDO\u015a_Str.1-8.pdf\">Postanowienie_RDO\u015a_Str.1-8<\/a><\/strong><\/em><\/p>\n<p><strong><a href=\"http:\/\/kozlowo-sorkwity.pl\/wp-content\/uploads\/2016\/03\/Postanowienie_RDO\u015a_Str.9-15.pdf\">Postanowienie_RDO\u015a_Str.9-15<\/a><\/strong><\/p>\n<p><strong><a href=\"http:\/\/kozlowo-sorkwity.pl\/wp-content\/uploads\/2016\/03\/Postanowienie_RDO\u015a_Str.16.pdf\">Postanowienie_RDO\u015a_Str.16<\/a><\/strong><\/p>\n<div><\/div>\n<div><\/div>\n<div><strong>\u00a0<\/strong><\/div>\n<div>\n<div>Sorkwity, dnia 20 kwietnia 2016 r.<\/div>\n<div>Nasz znak:RBG.6220.1.35.2015<\/div>\n<div><\/div>\n<div><strong>OBWIESZCZENIE<\/strong><\/div>\n<div><\/div>\n<div>Zgodnie z art. 74 ust. 3 ustawy z dnia 3 pa\u017adziernika 2008 r. o udost\u0119pnianiu informacji o \u015brodowisku i jego ochronie, udziale spo\u0142ecze\u0144stwa w ochronie \u015brodowiska oraz o ocenach oddzia\u0142ywania na \u015brodowisko (tekst jednolity Dz. U. z 2016 r. poz. 353) w zwi\u0105zku z art. 10 \u00a7 1 i art. 49 ustawy z dnia 14 czerwca 1960 r. \u2013 Kodeks post\u0119powania administracyjnego (Dz. U.z 2016 r. poz. 23) zawiadamiam, \u017ce przed wydaniem ostatecznej decyzji dla planowanego przedsi\u0119wzi\u0119cia polegaj\u0105cego na budowie instalacji do chowu indyk\u00f3w na dzia\u0142ce nr 161\/1 obr\u0119b Koz\u0142owo, gmina Sorkwity, powiat mr\u0105gowski, wojew\u00f3dztwo warmi\u0144sko-mazurskie istnieje mo\u017cliwo\u015b\u0107 zapoznania si\u0119 z aktami ww. sprawy.<\/div>\n<div>W zwi\u0105zku z powy\u017cszym strony post\u0119powania mog\u0105 zapozna\u0107 si\u0119 z aktami sprawy oraz wnosi\u0107 uwagi i wnioski dotycz\u0105ce w\/w zamierzenia inwestycyjnego w Urz\u0119dzie Gminy w Sorkwitach przy ul. Olszty\u0144skiej 16 A &#8211; w pok. nr 7 w godzinach pracy urz\u0119du w terminie 14 dni od daty jego publicznego og\u0142oszenia.<\/div>\n<div>Zgodnie z art. 49 Kodeksu post\u0119powania administracyjnego dor\u0119czenie uwa\u017ca si\u0119 za dokonane po up\u0142ywie 14 dni od dnia publicznego og\u0142oszenia.<\/div>\n<div>Niniejsze obwieszczenie zostaje podane do publicznej wiadomo\u015bci przez zamieszczenie w publicznym dost\u0119pnym wykazie danych na stronie BIP\u00a0Urz\u0119du Gminy Sorkwity:\u00a0<a href=\"http:\/\/bip.gminasorkwity.pl\/\">http:\/\/bip.gminasorkwity.pl\/<\/a>\u00a0oraz przez wywieszenia na tablicach og\u0142osze\u0144: UM w\u00a0Sorkwitach\u00a0oraz na tablicy og\u0142osze\u0144 w miejscowo\u015bci\u00a0Koz\u0142owo.<\/div>\n<div><\/div>\n<div>W\u00f3j Gminy Sorkwity<\/div>\n<div>(-) J\u00f3zef Maciejewski<\/div>\n<div><\/div>\n<\/div>\n<p>&nbsp;<\/p>\n<p><strong>Mieszka\u0144cy K<\/strong><a href=\"http:\/\/kozlowo-sorkwity.pl\/wp-content\/uploads\/2015\/09\/KurierMragowski_internet.jpg\"><img loading=\"lazy\" decoding=\"async\" class=\" wp-image-335 alignleft\" src=\"http:\/\/kozlowo-sorkwity.pl\/wp-content\/uploads\/2015\/09\/KurierMragowski_internet-241x300.jpg\" alt=\"KurierMragowski_internet\" width=\"438\" height=\"545\" srcset=\"https:\/\/kozlowo-sorkwity.pl\/wp-content\/uploads\/2015\/09\/KurierMragowski_internet-241x300.jpg 241w, https:\/\/kozlowo-sorkwity.pl\/wp-content\/uploads\/2015\/09\/KurierMragowski_internet-824x1024.jpg 824w\" sizes=\"(max-width: 438px) 100vw, 438px\" \/><\/a><strong>oz\u0142owa, nie tyle boj\u0105 si\u0119 much i smrodu &#8211; co niszczenia i bezpowrotnej degradacji ich naturalnego \u015b<\/strong><strong>rodowiska zamieszkania. Boj\u0105 si\u0119 o zdrowie swoich dzieci i swoje, boj\u0105 si\u0119 o swoje plany rozwojowe. Wcale nie s\u0105 agresywni ani nie zamierzaj\u0105 nikogo atakowa\u0107 fizycznie. Broni\u0105 tylko swojego miejsca gdzie mieszkaj\u0105 i \u017cyj\u0105. Gdzie mieszkali i \u017cyli ich rodzice i dziadkowie. I a\u017c do tej pory nie by\u0142o takiego precedensu, \u017ceby czuli si\u0119 zagro\u017ceni pomimo, \u017ce funkcjonowa\u0142 tutaj PGR specjalizuj\u0105cy si\u0119 tak\u017ce w chowie byd\u0142a. <\/strong><\/p>\n<p><strong>Bowiem tereny wok\u00f3\u0142 Koz\u0142owa i<\/strong><strong> Rybna to tradycyjnie tereny, na kt\u00f3rych by\u0142 prowadzony ch\u00f3w byd\u0142a, trzody chlewnej &#8211; nie za\u015b ch\u00f3w<\/strong><strong> ptak\u00f3w.<\/strong><\/p>\n<p><strong>Ka\u017cdy cz\u0142owiek ma prawo do miesz<\/strong><strong>kania w \u015brodowisku bezpiecznym i wolnym od zagro\u017ce\u0144 ekologicznych, chemicznych i innych, zatem czy mieszka\u0144cy Koz\u0142owa i Rybna maj\u0105 by\u0107 tego prawa pozbawieni?<\/strong><\/p>\n<ul>\n<li class=\"entry_title\"><strong><a href=\"http:\/\/ro.com.pl\/mieszkancy-kozlowa-nie-chca-fermy-indykow\/01196084\" target=\"_blank\" rel=\"noopener noreferrer\">Mieszka\u0144cy Koz\u0142owa nie chc\u0105 fermy indyk\u00f3w<\/a><\/strong><\/li>\n<\/ul>\n<p>Koz\u0142owo le\u017cy w granicach obszaru <em><strong>\u201eNatura 2000 Puszcza Piska\u201d<\/strong><\/em>, kt\u00f3ry ci\u0105gle nie ma zatwierdzonych <strong>Plan\u00f3w Zada\u0144 Ochronnych!!!<\/strong><br \/>\nPlany te mia\u0142y by\u0107 opracowane na polecenie Komisji Europejskiej w ramach projektu POIS.05.0300-00-186\/00.pn <em>\u201eOpracowanie plan\u00f3w zada\u0144 ochronnych dla obszar\u00f3w Natura 2000 na obszarze Polski\u201d<\/em> <strong>w 2011r.!<\/strong><\/p>\n<p><strong>Mieszka\u0144cy Koz\u0142owa nie chc\u0105 fermy indyk\u00f3w<\/strong><br \/>\n<em>Opublikowano 21 marca 2015<\/em><br \/>\n<em>Region <\/em><em>RADIO OLSZTYN<\/em><br \/>\n<em>dobre nastawienie<\/em><\/p>\n<p>Mieszka\u0144cy Koz\u0142owa w powiecie mr\u0105gowskim sprzeciwiaj\u0105 si\u0119 planom budowy w ich wsi fermy indyk\u00f3w. Chce j\u0105 postawi\u0107 w\u0142a\u015bciciel ju\u017c istniej\u0105cej fermy w s\u0105siednim Rybnie, w kt\u00f3rej hoduje 30 tysi\u0119cy ptak\u00f3w.<br \/>\nTowarzystwo Mi\u0142o\u015bnik\u00f3w Koz\u0142owa zebra\u0142o podpisy sprzeciwu niemal wszystkich mieszka\u0144c\u00f3w wsi. Spo\u0142ecznicy podkre\u015blaj\u0105, \u017ce ju\u017c teraz s\u0105siedztwo hodowli indyk\u00f3w w Rybnie jest dla Koz\u0142owa bardzo uci\u0105\u017cliwe.<br \/>\nChodzi przede wszystkim o fetor, ha\u0142as ci\u0119\u017ckich ci\u0105gnik\u00f3w z obornikiem i zanieczyszczenia dr\u00f3g gubionym w czasie przewozu obornikiem.<br \/>\nMiejsce, w kt\u00f3rym mia\u0142aby powsta\u0107 kolejna ferma, le\u017cy w obszarze Natura 2000 Puszcza Piska, a w pobli\u017cu jest Krutynia \u2013 jedna z najbardziej urokliwych rzek w regionie, z kt\u00f3rej w sezonie korzystaj\u0105 dziesi\u0105tki tysi\u0119cy turyst\u00f3w.<br \/>\nPr\u00f3bowali\u015bmy kontaktowa\u0107 si\u0119 z w\u0142a\u015bcicielem fermy w Rybnie. Niestety, nie odbiera\u0142 telefonu.<br \/>\n(wchr\/\u0142w)<\/p>\n<p><a href=\"http:\/\/kozlowo-sorkwity.pl\/wp-content\/uploads\/2015\/03\/schreih\u00e4lse_1.jpg\"><img loading=\"lazy\" decoding=\"async\" class=\"alignnone size-medium wp-image-318\" src=\"http:\/\/kozlowo-sorkwity.pl\/wp-content\/uploads\/2015\/03\/schreih\u00e4lse_1-300x212.jpg\" alt=\"schreih\u00e4lse_1\" width=\"300\" height=\"212\" srcset=\"https:\/\/kozlowo-sorkwity.pl\/wp-content\/uploads\/2015\/03\/schreih\u00e4lse_1-300x212.jpg 300w, https:\/\/kozlowo-sorkwity.pl\/wp-content\/uploads\/2015\/03\/schreih\u00e4lse_1-1024x724.jpg 1024w\" sizes=\"(max-width: 300px) 100vw, 300px\" \/><\/a><\/p>\n<p><strong>Pryzmy obornika indyczego<\/strong> na polach Koz\u0142owa z pobliskiej farmy indyk\u00f3w od grudnia 2010r. Obornik jest sk\u0142adowany bezpo\u015bredio na ziemi (<strong>przez wiele tygodni<\/strong>) w zlewni Jeziora Bia\u0142ego oddalonego o 5 km, w pobli\u017cu jest Krutynia \u2013 jedna z najbardziej urokliwych rzek w regionie, z kt\u00f3rej w sezonie korzystaj\u0105 dziesi\u0105tki tysi\u0119cy turyst\u00f3w.<\/p>\n<p>G\u0142\u00f3wnym powodem zanieczyszczenia w\u00f3d ze \u017ar\u00f3de\u0142 rolniczych jest ma\u0142o wydajne wykorzystanie azotu i fosforu wprowadzanego do gleby w postaci nawoz\u00f3w. Niewykorzystany azot ulega rozproszeniu do wody i powietrza, a niewykorzystany fosfor gromadzi si\u0119 w glebie, sk\u0105d mo\u017ce zosta\u0107 przeniesiony do w\u00f3d podziemnych i powierzchniowych. Dlatego wa\u017cne jest przestrzeganie zasad gospodarowania nawozami naturalnymi, w\u015br\u00f3d kt\u00f3rych nale\u017cy wskaza\u0107 przede wszystkim:<\/p>\n<p>w\u0142a\u015bciw\u0105 ilo\u015b\u0107 rozprzestrzeniania nawoz\u00f3w, r\u00f3wnomierno\u015b\u0107 rozprowadzania oraz w\u0142a\u015bciwy termin wprowadzania nawozu o gleby. <strong>Rozprzestrzenianie nawozu na polu nale\u017cy przeprowadzi\u0107 w spos\u00f3b jak <\/strong><strong>najszybszy (zaleca si\u0119 12 godzin dla obornika), z uwagi na to, \u017ce znaczna cz\u0119\u015b\u0107 amoniaku utlenia si\u0119 w ci\u0105gu <\/strong><strong>pierwszych 12 godzin od roz\u0142o\u017cenia na polu.<\/strong> Im szybciej azot osadzi si\u0119 w glebie, tym jego straty b\u0119d\u0105 mniejsze. W celu ograniczenia zanieczyszczenia w\u00f3d powierzchniowych i gruntowych sk\u0142adnikami od\u017cywczymi pochodz\u0105cymi z nawoz\u00f3w, <strong>nie nale\u017cy rozprzestrzenia\u0107 nawoz\u00f3w\u00a0 w bliskim otoczeniu zbiornik\u00f3w wodnych.<\/strong><\/p>\n<p>Lipiec 2014<\/p>\n<p><a href=\"http:\/\/kozlowo-sorkwity.pl\/wp-content\/uploads\/2015\/03\/Zdi\u0119cia-2014-1233.jpg\"><img loading=\"lazy\" decoding=\"async\" class=\"alignnone size-medium wp-image-128\" src=\"http:\/\/kozlowo-sorkwity.pl\/wp-content\/uploads\/2015\/03\/Zdi\u0119cia-2014-1233-300x224.jpg\" alt=\"Zdi\u0119cia 2014 1233\" width=\"300\" height=\"224\" srcset=\"https:\/\/kozlowo-sorkwity.pl\/wp-content\/uploads\/2015\/03\/Zdi\u0119cia-2014-1233-300x224.jpg 300w, https:\/\/kozlowo-sorkwity.pl\/wp-content\/uploads\/2015\/03\/Zdi\u0119cia-2014-1233-1024x765.jpg 1024w\" sizes=\"(max-width: 300px) 100vw, 300px\" \/><\/a> <a href=\"http:\/\/kozlowo-sorkwity.pl\/wp-content\/uploads\/2015\/03\/Zdi\u0119cia-2014-1229.jpg\"><img loading=\"lazy\" decoding=\"async\" class=\"alignnone size-medium wp-image-126\" src=\"http:\/\/kozlowo-sorkwity.pl\/wp-content\/uploads\/2015\/03\/Zdi\u0119cia-2014-1229-300x224.jpg\" alt=\"Zdi\u0119cia 2014 1229\" width=\"300\" height=\"224\" srcset=\"https:\/\/kozlowo-sorkwity.pl\/wp-content\/uploads\/2015\/03\/Zdi\u0119cia-2014-1229-300x224.jpg 300w, https:\/\/kozlowo-sorkwity.pl\/wp-content\/uploads\/2015\/03\/Zdi\u0119cia-2014-1229-1024x765.jpg 1024w\" sizes=\"(max-width: 300px) 100vw, 300px\" \/><\/a><\/p>\n<p>Maj 2013<\/p>\n<p><a href=\"http:\/\/kozlowo-sorkwity.pl\/wp-content\/uploads\/2015\/03\/DSC_5217.jpg\"><img loading=\"lazy\" decoding=\"async\" class=\"alignnone size-medium wp-image-132\" src=\"http:\/\/kozlowo-sorkwity.pl\/wp-content\/uploads\/2015\/03\/DSC_5217-300x199.jpg\" alt=\"DSC_5217\" width=\"300\" height=\"199\" srcset=\"https:\/\/kozlowo-sorkwity.pl\/wp-content\/uploads\/2015\/03\/DSC_5217-300x199.jpg 300w, https:\/\/kozlowo-sorkwity.pl\/wp-content\/uploads\/2015\/03\/DSC_5217-1024x678.jpg 1024w\" sizes=\"(max-width: 300px) 100vw, 300px\" \/><\/a> <a href=\"http:\/\/kozlowo-sorkwity.pl\/wp-content\/uploads\/2015\/03\/DSC_5216.jpg\"><img loading=\"lazy\" decoding=\"async\" class=\"alignnone size-medium wp-image-131\" src=\"http:\/\/kozlowo-sorkwity.pl\/wp-content\/uploads\/2015\/03\/DSC_5216-300x199.jpg\" alt=\"DSC_5216\" width=\"300\" height=\"199\" srcset=\"https:\/\/kozlowo-sorkwity.pl\/wp-content\/uploads\/2015\/03\/DSC_5216-300x199.jpg 300w, https:\/\/kozlowo-sorkwity.pl\/wp-content\/uploads\/2015\/03\/DSC_5216-1024x678.jpg 1024w\" sizes=\"(max-width: 300px) 100vw, 300px\" \/><\/a><\/p>\n<p>Lipiec 2012<\/p>\n<p><a href=\"http:\/\/kozlowo-sorkwity.pl\/wp-content\/uploads\/2015\/03\/2012-07-12-19.19.33.jpg\"><img loading=\"lazy\" decoding=\"async\" class=\"alignnone size-medium wp-image-139\" src=\"http:\/\/kozlowo-sorkwity.pl\/wp-content\/uploads\/2015\/03\/2012-07-12-19.19.33-300x225.jpg\" alt=\"2012-07-12 19.19.33\" width=\"300\" height=\"225\" srcset=\"https:\/\/kozlowo-sorkwity.pl\/wp-content\/uploads\/2015\/03\/2012-07-12-19.19.33-300x225.jpg 300w, https:\/\/kozlowo-sorkwity.pl\/wp-content\/uploads\/2015\/03\/2012-07-12-19.19.33-1024x768.jpg 1024w\" sizes=\"(max-width: 300px) 100vw, 300px\" \/><\/a> <a href=\"http:\/\/kozlowo-sorkwity.pl\/wp-content\/uploads\/2015\/03\/2012-07-12-19.18.50.jpg\"><img loading=\"lazy\" decoding=\"async\" class=\"alignnone size-medium wp-image-138\" src=\"http:\/\/kozlowo-sorkwity.pl\/wp-content\/uploads\/2015\/03\/2012-07-12-19.18.50-300x225.jpg\" alt=\"2012-07-12 19.18.50\" width=\"300\" height=\"225\" srcset=\"https:\/\/kozlowo-sorkwity.pl\/wp-content\/uploads\/2015\/03\/2012-07-12-19.18.50-300x225.jpg 300w, https:\/\/kozlowo-sorkwity.pl\/wp-content\/uploads\/2015\/03\/2012-07-12-19.18.50-1024x768.jpg 1024w\" sizes=\"(max-width: 300px) 100vw, 300px\" \/><\/a><\/p>\n<p>Kwiecien\/Maj 2011<\/p>\n<p><a href=\"http:\/\/kozlowo-sorkwity.pl\/wp-content\/uploads\/2015\/03\/20000101_00000014.jpg\"><img loading=\"lazy\" decoding=\"async\" class=\"alignnone size-medium wp-image-171\" src=\"http:\/\/kozlowo-sorkwity.pl\/wp-content\/uploads\/2015\/03\/20000101_00000014-300x225.jpg\" alt=\"20000101_000000(14)\" width=\"300\" height=\"225\" srcset=\"https:\/\/kozlowo-sorkwity.pl\/wp-content\/uploads\/2015\/03\/20000101_00000014-300x225.jpg 300w, https:\/\/kozlowo-sorkwity.pl\/wp-content\/uploads\/2015\/03\/20000101_00000014-1024x768.jpg 1024w, https:\/\/kozlowo-sorkwity.pl\/wp-content\/uploads\/2015\/03\/20000101_00000014.jpg 1280w\" sizes=\"(max-width: 300px) 100vw, 300px\" \/><\/a> <a href=\"http:\/\/kozlowo-sorkwity.pl\/wp-content\/uploads\/2015\/03\/20000101_0000009.jpg\"><img loading=\"lazy\" decoding=\"async\" class=\"alignnone size-medium wp-image-166\" src=\"http:\/\/kozlowo-sorkwity.pl\/wp-content\/uploads\/2015\/03\/20000101_0000009-300x225.jpg\" alt=\"20000101_000000(9)\" width=\"300\" height=\"225\" srcset=\"https:\/\/kozlowo-sorkwity.pl\/wp-content\/uploads\/2015\/03\/20000101_0000009-300x225.jpg 300w, https:\/\/kozlowo-sorkwity.pl\/wp-content\/uploads\/2015\/03\/20000101_0000009-1024x768.jpg 1024w, https:\/\/kozlowo-sorkwity.pl\/wp-content\/uploads\/2015\/03\/20000101_0000009.jpg 1280w\" sizes=\"(max-width: 300px) 100vw, 300px\" \/><\/a><\/p>\n<p><a href=\"http:\/\/kozlowo-sorkwity.pl\/wp-content\/uploads\/2015\/03\/20000101_0000003.jpg\"><img loading=\"lazy\" decoding=\"async\" class=\"alignnone size-medium wp-image-160\" src=\"http:\/\/kozlowo-sorkwity.pl\/wp-content\/uploads\/2015\/03\/20000101_0000003-300x225.jpg\" alt=\"20000101_000000(3)\" width=\"300\" height=\"225\" srcset=\"https:\/\/kozlowo-sorkwity.pl\/wp-content\/uploads\/2015\/03\/20000101_0000003-300x225.jpg 300w, https:\/\/kozlowo-sorkwity.pl\/wp-content\/uploads\/2015\/03\/20000101_0000003-1024x768.jpg 1024w, https:\/\/kozlowo-sorkwity.pl\/wp-content\/uploads\/2015\/03\/20000101_0000003.jpg 1280w\" sizes=\"(max-width: 300px) 100vw, 300px\" \/><\/a> <a href=\"http:\/\/kozlowo-sorkwity.pl\/wp-content\/uploads\/2015\/03\/20000101_0000007.jpg\"><img loading=\"lazy\" decoding=\"async\" class=\"alignnone size-medium wp-image-164\" src=\"http:\/\/kozlowo-sorkwity.pl\/wp-content\/uploads\/2015\/03\/20000101_0000007-300x225.jpg\" alt=\"20000101_000000(7)\" width=\"300\" height=\"225\" srcset=\"https:\/\/kozlowo-sorkwity.pl\/wp-content\/uploads\/2015\/03\/20000101_0000007-300x225.jpg 300w, https:\/\/kozlowo-sorkwity.pl\/wp-content\/uploads\/2015\/03\/20000101_0000007-1024x768.jpg 1024w, https:\/\/kozlowo-sorkwity.pl\/wp-content\/uploads\/2015\/03\/20000101_0000007.jpg 1280w\" sizes=\"(max-width: 300px) 100vw, 300px\" \/><\/a><\/p>\n<p><a href=\"http:\/\/kozlowo-sorkwity.pl\/wp-content\/uploads\/2015\/03\/20000101_0000008.jpg\"><img loading=\"lazy\" decoding=\"async\" class=\"alignnone size-medium wp-image-165\" src=\"http:\/\/kozlowo-sorkwity.pl\/wp-content\/uploads\/2015\/03\/20000101_0000008-300x225.jpg\" alt=\"20000101_000000(8)\" width=\"300\" height=\"225\" srcset=\"https:\/\/kozlowo-sorkwity.pl\/wp-content\/uploads\/2015\/03\/20000101_0000008-300x225.jpg 300w, https:\/\/kozlowo-sorkwity.pl\/wp-content\/uploads\/2015\/03\/20000101_0000008-1024x768.jpg 1024w, https:\/\/kozlowo-sorkwity.pl\/wp-content\/uploads\/2015\/03\/20000101_0000008.jpg 1280w\" sizes=\"(max-width: 300px) 100vw, 300px\" \/><\/a> <a href=\"http:\/\/kozlowo-sorkwity.pl\/wp-content\/uploads\/2015\/03\/DSC00056.jpg\"><img loading=\"lazy\" decoding=\"async\" class=\"alignnone size-medium wp-image-157\" src=\"http:\/\/kozlowo-sorkwity.pl\/wp-content\/uploads\/2015\/03\/DSC00056-300x225.jpg\" alt=\"DSC00056\" width=\"300\" height=\"225\" srcset=\"https:\/\/kozlowo-sorkwity.pl\/wp-content\/uploads\/2015\/03\/DSC00056-300x225.jpg 300w, https:\/\/kozlowo-sorkwity.pl\/wp-content\/uploads\/2015\/03\/DSC00056.jpg 320w\" sizes=\"(max-width: 300px) 100vw, 300px\" \/><\/a><\/p>\n<p>Marzec 2011<\/p>\n<p><a href=\"http:\/\/kozlowo-sorkwity.pl\/wp-content\/uploads\/2015\/03\/110210_125649.jpg\"><img loading=\"lazy\" decoding=\"async\" class=\"alignnone size-medium wp-image-147\" src=\"http:\/\/kozlowo-sorkwity.pl\/wp-content\/uploads\/2015\/03\/110210_125649-300x225.jpg\" alt=\"110210_125649\" width=\"300\" height=\"225\" srcset=\"https:\/\/kozlowo-sorkwity.pl\/wp-content\/uploads\/2015\/03\/110210_125649-300x225.jpg 300w, https:\/\/kozlowo-sorkwity.pl\/wp-content\/uploads\/2015\/03\/110210_125649.jpg 640w\" sizes=\"(max-width: 300px) 100vw, 300px\" \/><\/a> <a href=\"http:\/\/kozlowo-sorkwity.pl\/wp-content\/uploads\/2015\/03\/110318_062520.jpg\"><img loading=\"lazy\" decoding=\"async\" class=\"alignnone size-medium wp-image-153\" src=\"http:\/\/kozlowo-sorkwity.pl\/wp-content\/uploads\/2015\/03\/110318_062520-300x225.jpg\" alt=\"110318_062520\" width=\"300\" height=\"225\" srcset=\"https:\/\/kozlowo-sorkwity.pl\/wp-content\/uploads\/2015\/03\/110318_062520-300x225.jpg 300w, https:\/\/kozlowo-sorkwity.pl\/wp-content\/uploads\/2015\/03\/110318_062520.jpg 640w\" sizes=\"(max-width: 300px) 100vw, 300px\" \/><\/a><\/p>\n<p>Zima 2010\/2011<\/p>\n<p><a href=\"http:\/\/kozlowo-sorkwity.pl\/wp-content\/uploads\/2015\/03\/110104_112328.jpg\"><img loading=\"lazy\" decoding=\"async\" class=\"alignnone size-medium wp-image-84\" src=\"http:\/\/kozlowo-sorkwity.pl\/wp-content\/uploads\/2015\/03\/110104_112328-300x225.jpg\" alt=\"110104_112328\" width=\"300\" height=\"225\" srcset=\"https:\/\/kozlowo-sorkwity.pl\/wp-content\/uploads\/2015\/03\/110104_112328-300x225.jpg 300w, https:\/\/kozlowo-sorkwity.pl\/wp-content\/uploads\/2015\/03\/110104_112328.jpg 640w\" sizes=\"(max-width: 300px) 100vw, 300px\" \/><\/a> <a href=\"http:\/\/kozlowo-sorkwity.pl\/wp-content\/uploads\/2015\/03\/101229_102047.jpg\"><img loading=\"lazy\" decoding=\"async\" class=\"alignnone size-medium wp-image-82\" src=\"http:\/\/kozlowo-sorkwity.pl\/wp-content\/uploads\/2015\/03\/101229_102047-300x225.jpg\" alt=\"101229_102047\" width=\"300\" height=\"225\" srcset=\"https:\/\/kozlowo-sorkwity.pl\/wp-content\/uploads\/2015\/03\/101229_102047-300x225.jpg 300w, https:\/\/kozlowo-sorkwity.pl\/wp-content\/uploads\/2015\/03\/101229_102047.jpg 640w\" sizes=\"(max-width: 300px) 100vw, 300px\" \/><\/a><\/p>\n<p>Miejsca sk\u0142adowania pryzm obornika na terenie Koz\u0142owa od 2010 roku.<\/p>\n<p><a href=\"http:\/\/kozlowo-sorkwity.pl\/wp-content\/uploads\/2015\/04\/plan_2010-2014.jpg\"><img loading=\"lazy\" decoding=\"async\" class=\"alignnone  wp-image-327\" src=\"http:\/\/kozlowo-sorkwity.pl\/wp-content\/uploads\/2015\/04\/plan_2010-2014-195x300.jpg\" alt=\"plan_2010-2014\" width=\"294\" height=\"452\" srcset=\"https:\/\/kozlowo-sorkwity.pl\/wp-content\/uploads\/2015\/04\/plan_2010-2014-195x300.jpg 195w, https:\/\/kozlowo-sorkwity.pl\/wp-content\/uploads\/2015\/04\/plan_2010-2014-667x1024.jpg 667w\" sizes=\"(max-width: 294px) 100vw, 294px\" \/><\/a><\/p>\n","protected":false},"excerpt":{"rendered":"<p>Pierwsza relacja ze spotkania w Radiu Olsztyn http:\/\/ro.com.pl\/nie-dla-fermy-indykow-w-kozlowie\/01272114 Stop dla budowy fermy indyk\u00f3w w Koz\u0142owie &#8211; Facebook DNIA 18 kwietnia o godz. 18:30 w Szkole Podstawowej w Koz\u0142owie ZEBRANIE OTWARTE DLA WSZYSTKICH W SPRAWIE BUDOWY FERMY B U L W E R S U J \u0104 C E\u00a0\u00a0 P O S T A N O &hellip; <\/p>\n<p class=\"link-more\"><a href=\"https:\/\/kozlowo-sorkwity.pl\/?page_id=75\" class=\"more-link\">Continue reading<span class=\"screen-reader-text\"> &#8220;Zagro\u017cenia&#8221;<\/span><\/a><\/p>\n","protected":false},"author":2,"featured_media":0,"parent":0,"menu_order":1,"comment_status":"closed","ping_status":"closed","template":"","meta":{"footnotes":""},"class_list":["post-75","page","type-page","status-publish","hentry"],"_links":{"self":[{"href":"https:\/\/kozlowo-sorkwity.pl\/index.php?rest_route=\/wp\/v2\/pages\/75"}],"collection":[{"href":"https:\/\/kozlowo-sorkwity.pl\/index.php?rest_route=\/wp\/v2\/pages"}],"about":[{"href":"https:\/\/kozlowo-sorkwity.pl\/index.php?rest_route=\/wp\/v2\/types\/page"}],"author":[{"embeddable":true,"href":"https:\/\/kozlowo-sorkwity.pl\/index.php?rest_route=\/wp\/v2\/users\/2"}],"replies":[{"embeddable":true,"href":"https:\/\/kozlowo-sorkwity.pl\/index.php?rest_route=%2Fwp%2Fv2%2Fcomments&post=75"}],"version-history":[{"count":66,"href":"https:\/\/kozlowo-sorkwity.pl\/index.php?rest_route=\/wp\/v2\/pages\/75\/revisions"}],"predecessor-version":[{"id":582,"href":"https:\/\/kozlowo-sorkwity.pl\/index.php?rest_route=\/wp\/v2\/pages\/75\/revisions\/582"}],"wp:attachment":[{"href":"https:\/\/kozlowo-sorkwity.pl\/index.php?rest_route=%2Fwp%2Fv2%2Fmedia&parent=75"}],"curies":[{"name":"wp","href":"https:\/\/api.w.org\/{rel}","templated":true}]}}