{"id":655,"date":"2024-04-21T13:34:09","date_gmt":"2024-04-21T13:34:09","guid":{"rendered":"http:\/\/kozlowo-sorkwity.pl\/?page_id=655"},"modified":"2024-04-22T19:42:34","modified_gmt":"2024-04-22T19:42:34","slug":"projekty","status":"publish","type":"page","link":"https:\/\/kozlowo-sorkwity.pl\/?page_id=655","title":{"rendered":"Projekty Fundacji"},"content":{"rendered":"\n<h4 class=\"wp-block-heading\"><strong>Obi\u0119cie ochron\u0105 alei lipowej z Koz\u0142owa do Rybna<\/strong><\/h4>\n\n\n\n<figure class=\"wp-block-image\"><img loading=\"lazy\" decoding=\"async\" width=\"1024\" height=\"576\" src=\"http:\/\/kozlowo-sorkwity.pl\/wp-content\/uploads\/2024\/04\/DSC_0537-1024x576.jpg\" alt=\"\" class=\"wp-image-670\" srcset=\"https:\/\/kozlowo-sorkwity.pl\/wp-content\/uploads\/2024\/04\/DSC_0537-1024x576.jpg 1024w, https:\/\/kozlowo-sorkwity.pl\/wp-content\/uploads\/2024\/04\/DSC_0537-300x169.jpg 300w, https:\/\/kozlowo-sorkwity.pl\/wp-content\/uploads\/2024\/04\/DSC_0537-768x432.jpg 768w\" sizes=\"(max-width: 706px) 89vw, (max-width: 767px) 82vw, 740px\" \/><figcaption> Foto: Andreas Burgstaller <\/figcaption><\/figure>\n\n\n\n<p><strong>Drzewa i krzewy rosn\u0105ce w pasach drogowych dr\u00f3g publicznych odznaczaj\u0105 si\u0119 wysokimi warto\u015bciami przyrodniczymi i krajobrazowymi. Pe\u0142ni\u0105 bardzo wa\u017cn\u0105 funkcj\u0119 w procesie oczyszczania powietrza ze szkodliwych substancji gazowych i py\u0142owych, metali ci\u0119\u017ckich, oczyszczania gleby i wody czy kszta\u0142towania lokalnych warunk\u00f3w wodnych oraz mikroklimatu. Daj\u0105 cie\u0144 dla podr\u00f3\u017cuj\u0105cych ci\u0105gami komunikacyjnymi (drogi, \u015bcie\u017cki rowerowe, chodniki). Pe\u0142ni\u0105 r\u00f3wnie\u017c istotn\u0105 funkcj\u0119 spo\u0142eczn\u0105 i kulturow\u0105.  <\/strong><\/p>\n\n\n\n<figure class=\"wp-block-image\"><img loading=\"lazy\" decoding=\"async\" width=\"1024\" height=\"576\" src=\"http:\/\/kozlowo-sorkwity.pl\/wp-content\/uploads\/2024\/04\/aleja1-2000x1125-1-1024x576.jpg\" alt=\"\" class=\"wp-image-660\" srcset=\"https:\/\/kozlowo-sorkwity.pl\/wp-content\/uploads\/2024\/04\/aleja1-2000x1125-1-1024x576.jpg 1024w, https:\/\/kozlowo-sorkwity.pl\/wp-content\/uploads\/2024\/04\/aleja1-2000x1125-1-300x169.jpg 300w, https:\/\/kozlowo-sorkwity.pl\/wp-content\/uploads\/2024\/04\/aleja1-2000x1125-1-768x432.jpg 768w, https:\/\/kozlowo-sorkwity.pl\/wp-content\/uploads\/2024\/04\/aleja1-2000x1125-1.jpg 2000w\" sizes=\"(max-width: 706px) 89vw, (max-width: 767px) 82vw, 740px\" \/><figcaption> Foto: Andreas Burgstaller <\/figcaption><\/figure>\n\n\n\n<figure class=\"wp-block-image\"><img loading=\"lazy\" decoding=\"async\" width=\"1024\" height=\"576\" src=\"http:\/\/kozlowo-sorkwity.pl\/wp-content\/uploads\/2024\/04\/aleja-2000x1125-1-1024x576.jpg\" alt=\"\" class=\"wp-image-658\" srcset=\"https:\/\/kozlowo-sorkwity.pl\/wp-content\/uploads\/2024\/04\/aleja-2000x1125-1-1024x576.jpg 1024w, https:\/\/kozlowo-sorkwity.pl\/wp-content\/uploads\/2024\/04\/aleja-2000x1125-1-300x169.jpg 300w, https:\/\/kozlowo-sorkwity.pl\/wp-content\/uploads\/2024\/04\/aleja-2000x1125-1-768x432.jpg 768w, https:\/\/kozlowo-sorkwity.pl\/wp-content\/uploads\/2024\/04\/aleja-2000x1125-1.jpg 2000w\" sizes=\"(max-width: 706px) 89vw, (max-width: 767px) 82vw, 740px\" \/><figcaption>Foto: Andreas Burgstaller<\/figcaption><\/figure>\n\n\n\n<h4 class=\"wp-block-heading\"><strong>Przedmiotowa aleja znajduje si\u0119 na terenie Natura 2000 (mi\u0119dzy Koz\u0142owem a Rybnem), w planie ochrony kt\u00f3rej w\u015br\u00f3d strategicznych cel\u00f3w zapisano &#8220;zachowanie historycznych uk\u0142ad\u00f3w w zagospodarowaniu przestrzennym wraz z ochron\u0105 alei przydro\u017cnych i zadrzewie\u0144 \u015br\u00f3dpolnych&#8221;. Aleja zas\u0142uguje na obj\u0119cie ochron\u0105 prawn\u0105 tak\u017ce ze wzgl\u0119du na wysokie walory kulturowe i historyczne: aleje przydro\u017cne i jednostronne nasadzenia drzew stanowi\u0105 bowiem integralny i harmonijny element uk\u0142ad\u00f3w przestrzennych wsi, s\u0105 \u015bwiadectwem zagospodarowania przestrzeni w terenach rolniczych: maj\u0105 zwi\u0105zek z rozwojem sieci komunikacyjnej i osadniczej tych teren\u00f3w, stanowi\u0105 \u015bwiadectwo minionej epoki, zwi\u0105zane s\u0105 z dzia\u0142alno\u015bci\u0105 naszych przodk\u00f3w, kt\u00f3rzy w XIX wieku zagospodarowywali teren Puszczy Piskiej.  <\/strong><\/h4>\n\n\n\n<figure class=\"wp-block-image\"><img loading=\"lazy\" decoding=\"async\" width=\"1024\" height=\"576\" src=\"http:\/\/kozlowo-sorkwity.pl\/wp-content\/uploads\/2024\/04\/DSC_0538-1-1024x576.jpg\" alt=\"\" class=\"wp-image-672\" srcset=\"https:\/\/kozlowo-sorkwity.pl\/wp-content\/uploads\/2024\/04\/DSC_0538-1-1024x576.jpg 1024w, https:\/\/kozlowo-sorkwity.pl\/wp-content\/uploads\/2024\/04\/DSC_0538-1-300x169.jpg 300w, https:\/\/kozlowo-sorkwity.pl\/wp-content\/uploads\/2024\/04\/DSC_0538-1-768x432.jpg 768w\" sizes=\"(max-width: 706px) 89vw, (max-width: 767px) 82vw, 740px\" \/><figcaption>Foto: Andreas Burgstaller<\/figcaption><\/figure>\n","protected":false},"excerpt":{"rendered":"<p>Obi\u0119cie ochron\u0105 alei lipowej z Koz\u0142owa do Rybna Drzewa i krzewy rosn\u0105ce w pasach drogowych dr\u00f3g publicznych odznaczaj\u0105 si\u0119 wysokimi warto\u015bciami przyrodniczymi i krajobrazowymi. Pe\u0142ni\u0105 bardzo wa\u017cn\u0105 funkcj\u0119 w procesie oczyszczania powietrza ze szkodliwych substancji gazowych i py\u0142owych, metali ci\u0119\u017ckich, oczyszczania gleby i wody czy kszta\u0142towania lokalnych warunk\u00f3w wodnych oraz mikroklimatu. Daj\u0105 cie\u0144 dla podr\u00f3\u017cuj\u0105cych &hellip; <\/p>\n<p class=\"link-more\"><a href=\"https:\/\/kozlowo-sorkwity.pl\/?page_id=655\" class=\"more-link\">Continue reading<span class=\"screen-reader-text\"> &#8220;Projekty Fundacji&#8221;<\/span><\/a><\/p>\n","protected":false},"author":2,"featured_media":0,"parent":0,"menu_order":0,"comment_status":"closed","ping_status":"closed","template":"","meta":{"footnotes":""},"class_list":["post-655","page","type-page","status-publish","hentry"],"_links":{"self":[{"href":"https:\/\/kozlowo-sorkwity.pl\/index.php?rest_route=\/wp\/v2\/pages\/655"}],"collection":[{"href":"https:\/\/kozlowo-sorkwity.pl\/index.php?rest_route=\/wp\/v2\/pages"}],"about":[{"href":"https:\/\/kozlowo-sorkwity.pl\/index.php?rest_route=\/wp\/v2\/types\/page"}],"author":[{"embeddable":true,"href":"https:\/\/kozlowo-sorkwity.pl\/index.php?rest_route=\/wp\/v2\/users\/2"}],"replies":[{"embeddable":true,"href":"https:\/\/kozlowo-sorkwity.pl\/index.php?rest_route=%2Fwp%2Fv2%2Fcomments&post=655"}],"version-history":[{"count":12,"href":"https:\/\/kozlowo-sorkwity.pl\/index.php?rest_route=\/wp\/v2\/pages\/655\/revisions"}],"predecessor-version":[{"id":673,"href":"https:\/\/kozlowo-sorkwity.pl\/index.php?rest_route=\/wp\/v2\/pages\/655\/revisions\/673"}],"wp:attachment":[{"href":"https:\/\/kozlowo-sorkwity.pl\/index.php?rest_route=%2Fwp%2Fv2%2Fmedia&parent=655"}],"curies":[{"name":"wp","href":"https:\/\/api.w.org\/{rel}","templated":true}]}}