{"id":4,"date":"2015-03-22T21:55:03","date_gmt":"2015-03-22T21:55:03","guid":{"rendered":"http:\/\/kozlowo-sorkwity.pl\/?page_id=4"},"modified":"2019-03-31T10:33:11","modified_gmt":"2019-03-31T10:33:11","slug":"kozlowo","status":"publish","type":"page","link":"https:\/\/kozlowo-sorkwity.pl\/?page_id=4","title":{"rendered":"Koz\u0142owo"},"content":{"rendered":"<p><a href=\"http:\/\/kozlowo-sorkwity.pl\/wp-content\/uploads\/2015\/03\/puszcza_piska.jpg\"><img loading=\"lazy\" decoding=\"async\" class=\" wp-image-238 alignleft\" src=\"http:\/\/kozlowo-sorkwity.pl\/wp-content\/uploads\/2015\/03\/puszcza_piska-300x251.jpg\" alt=\"puszcza_piska\" width=\"418\" height=\"350\" srcset=\"https:\/\/kozlowo-sorkwity.pl\/wp-content\/uploads\/2015\/03\/puszcza_piska-300x251.jpg 300w, https:\/\/kozlowo-sorkwity.pl\/wp-content\/uploads\/2015\/03\/puszcza_piska-1024x858.jpg 1024w\" sizes=\"(max-width: 418px) 100vw, 418px\" \/><\/a>Wie\u015b Koz\u0142owo le\u017cy w granicach obszaru <em><strong>\u201eNatura 2000 Puszcza Piska\u201d<\/strong><\/em>, i cz\u0119\u015bciowo na obszarze ochrony siedlisk <em><strong>\u201eNatura 2000 Ostoja Piska\u201d<\/strong><\/em> i <em><strong>\u201eZespo\u0142u Przyrodniczo-Krajobrazowego Rzeka Babant i Jezioro Bia\u0142e\u201d<\/strong><\/em>, we wsi rozwin\u0119\u0142a si\u0119 agroturystyka, co sprawi\u0142o, i\u017c Koz\u0142owo nabra\u0142o charakteru \u201ekrajobrazowo &#8211; rekreacyjno \u2013 rolniczego\u201d. Wie\u015b przez wiele lat rozwin\u0119\u0142a si\u0119 na zasadach zr\u00f3wnowa\u017conego rozwoju, gosp. rolne, uprawy rolne, agroturystyka, a tak\u017ce domy letniskowe, wsp\u00f3\u0142istnia\u0142y ze sob\u0105 bez konflikt\u00f3w.<\/p>\n<p>Prawdopodobnie dzi\u0119ki temu rozwojowi stwierdzono tu a\u017c:<br \/>\n<em><strong>84 gatunk\u00f3w ptak\u00f3w, z tego 14 uj\u0119tych jest w unijnej Dyrektywie Ptasiej<\/strong> w Za\u0142\u0105czniku nr I jako priorytetowe (orlik krzykliwy, b\u0142otniak stawowy, kania czarna, kania ruda, trzmielojad, b\u0142otniak \u0142\u0105kowy, bielik, bocian bia\u0142y i czarny, \u017curaw, dzi\u0119cio\u0142 czarny, dzi\u0119cio\u0142 \u015bredni, g\u0105siorek i lerka). Ta ilo\u015b\u0107 gatunk\u00f3w na tak niewielkiej powierzchni (690 ha) \u015bwiadczy o <\/em><em><a href=\"http:\/\/kozlowo-sorkwity.pl\/wp-content\/uploads\/2015\/03\/zespolprzyr.jpg\"><img loading=\"lazy\" decoding=\"async\" class=\" wp-image-243 alignright\" src=\"http:\/\/kozlowo-sorkwity.pl\/wp-content\/uploads\/2015\/03\/zespolprzyr-229x300.jpg\" alt=\"zespolprzyr\" width=\"272\" height=\"356\" srcset=\"https:\/\/kozlowo-sorkwity.pl\/wp-content\/uploads\/2015\/03\/zespolprzyr-229x300.jpg 229w, https:\/\/kozlowo-sorkwity.pl\/wp-content\/uploads\/2015\/03\/zespolprzyr-781x1024.jpg 781w\" sizes=\"(max-width: 272px) 100vw, 272px\" \/><\/a><\/em><em>du\u017cym bogactwie gatunkowym i du\u017cej jako\u015bci przyrodniczej badanego terenu.<\/em><\/p>\n<p><em> Nale\u017cy przy tym pami\u0119ta\u0107, \u017ce ptaki w Europie uznawane s\u0105 za jeden ze wska\u017anik\u00f3w jako\u015bci \u015brodowiska. Im wi\u0119ksze bogactwo gatunkowe i ilo\u015b\u0107 osobnik\u00f3w tym jako\u015b\u0107 \u015brodowiska \u017cycia cz\u0142owieka jest lepsza. <\/em><br \/>\n<em>(Ekspertyza Przyrodnicza 2011)<\/em><\/p>\n<p><strong>Najprawdopodobniej z powodu powy\u017cszych fakt\u00f3w Koz\u0142owo wraz z okolicami zosta\u0142o w\u0142\u0105czone do obszaru \u201eNatura 2000 Puszcza Piska\u201d.<\/strong><\/p>\n<p>Powa\u017cne zaburzenie powy\u017cszej r\u00f3wnowagi nast\u0105pi\u0142o w Koz\u0142owie od roku 2010, kiedy to pomimo licznych protest\u00f3w Agencja Nieruchomo\u015bci Rolnych wystawi\u0142a na przetarg Gospodarstwo Rolne w Koz\u0142owie, dawne pola zosta\u0142y podzielone na liczne 2-3 ha dzia\u0142ki o przeznaczeniu rekreacyjnym, co oczywi\u015bcie mia\u0142o zach\u0119ci\u0107 dalszych inwestor\u00f3w prywatnych do osiedlenia si\u0119 w tej pi\u0119knej okolicy.<br \/>\nSta\u0142o si\u0119 jednak inaczej, pola zosta\u0142y wykupione przez rolnik\u00f3w \u201ewielkotowarowych\u201d (w\u0142a\u015bciwie ANR niepotrzebnie wyda\u0142a pieni\u0105dze na ich podzia\u0142) i od tego czasu rozpocz\u0119\u0142a si\u0119 intensyfikacja rolnictwa niewsp\u00f3\u0142mierna do skali i infrastruktury Koz\u0142owa.<\/p>\n<p><strong>HISTORIA WSI KOZ\u0141OWO rok powstania 1388<\/strong><\/p>\n<p>Koz\u0142owo, Gm. Sorkwity (Koslau), powsta\u0142o na tak zwanym \u201dterytorium Wildenowskim\u201d. Wielki Mistrz Krzy\u017cacki Konrad Zollner von Rothenstein w 1388r. nada\u0142 Filipowi Wildenawowi 350 w\u0142\u00f3k ( 1 w\u0142\u00f3ka ok. 18 ha) na prawie che\u0142mi\u0144skim. W 1484r. wielki mistrz Marcin Truchses zatwierdzi\u0142 Wolfgangowi Schwansfeldowi, Maciejowi Wyselinowi i Piotrowi Wildenawowi posiadanie d\u00f3br Koz\u0142owskich w okre\u015blonych granicach, nadaj\u0105c im tak\u017ce wy\u017csze i ni\u017csze s\u0105downictwo&nbsp; z obowi\u0105zkiem jednej s\u0142u\u017cby w lekkiej zbroi od ka\u017cdych 100 w\u0142\u00f3k.<\/p>\n<p><a href=\"http:\/\/kozlowo-sorkwity.pl\/wp-content\/uploads\/2015\/03\/Kos-1_311.jpg\"><img loading=\"lazy\" decoding=\"async\" class=\" size-medium wp-image-47 alignright\" src=\"http:\/\/kozlowo-sorkwity.pl\/wp-content\/uploads\/2015\/03\/Kos-1_311-300x202.jpg\" alt=\"Kos-1_31\" width=\"300\" height=\"202\" srcset=\"https:\/\/kozlowo-sorkwity.pl\/wp-content\/uploads\/2015\/03\/Kos-1_311-300x202.jpg 300w, https:\/\/kozlowo-sorkwity.pl\/wp-content\/uploads\/2015\/03\/Kos-1_311.jpg 500w\" sizes=\"(max-width: 300px) 100vw, 300px\" \/><\/a><\/p>\n<p>W tym samym roku zostaje podzielony ca\u0142y maj\u0105tek d\u00f3br Koz\u0142owskich na oddzielne maj\u0105tki Koz\u0142owo i Rybno. W roku 1528 w\u0142a\u015bcicielem Koz\u0142owa by\u0142 Engel von Golzheim i posiada\u0142 ok. 50 w\u0142\u00f3k. W 1785r. Koz\u0142owo mia\u0142o nadal charakter wsi szlacheckiej, i liczy\u0142o 31 dym\u00f3w, a w 1838r. by\u0142y tam 24 dymy i 234 mieszka\u0144c\u00f3w. Do w\u0142a\u015bcicieli Koz\u0142owa nale\u017ca\u0142a te\u017c Wie\u015b G\u0142ogno maj\u0105ca 10 cha\u0142up, a tak\u017ce folwark Kaszubiec, ju\u017c nie istniej\u0105cy. W 1904 roku dw\u00f3r Koz\u0142owski obejmowa\u0142 \u0142\u0105cznie z folwarkami Pi\u0142ak i Skrzebich (Sophiental) 89 w\u0142\u00f3k, w tym 10 w\u0142\u00f3k lasu i dziewi\u0119\u0107 w\u00f3d. Istnia\u0142a tam gorzelnia, m\u0142yn parowy i cegielnia. Zabudowa wsi u\u0142o\u017cy\u0142a si\u0119 w kszta\u0142cie typowym dla dworu.<\/p>\n<p><a href=\"http:\/\/kozlowo-sorkwity.pl\/wp-content\/uploads\/2015\/03\/Kos-1_lose31.jpg\"><img loading=\"lazy\" decoding=\"async\" class=\" wp-image-48 alignleft\" src=\"http:\/\/kozlowo-sorkwity.pl\/wp-content\/uploads\/2015\/03\/Kos-1_lose31-300x202.jpg\" alt=\"Kos-1_lose3\" width=\"334\" height=\"225\" srcset=\"https:\/\/kozlowo-sorkwity.pl\/wp-content\/uploads\/2015\/03\/Kos-1_lose31-300x202.jpg 300w, https:\/\/kozlowo-sorkwity.pl\/wp-content\/uploads\/2015\/03\/Kos-1_lose31.jpg 500w\" sizes=\"(max-width: 334px) 100vw, 334px\" \/><\/a><\/p>\n<p>&nbsp;<\/p>\n<p>Przetrwa\u0142y tu park podworski z XVIII lub XIX stulecia i pa\u0142ac zniszczony cz\u0119\u015bciowo po\u017carem w 2007r. Nazw\u0119 wsi przynie\u015bli zapewne osadnicy z Koz\u0142owa, dawnego w\u00f3jtostwa dzia\u0142dowskiego, kt\u00f3rych sprowadzili Wildenawowie.<\/p>\n<p>&nbsp;<\/p>\n<p>&nbsp;<\/p>\n<p><a href=\"http:\/\/kozlowo-sorkwity.pl\/wp-content\/uploads\/2015\/03\/Kos-1_0a1.jpg\"><img loading=\"lazy\" decoding=\"async\" class=\"alignnone wp-image-42\" src=\"http:\/\/kozlowo-sorkwity.pl\/wp-content\/uploads\/2015\/03\/Kos-1_0a1-274x300.jpg\" alt=\"Kos-1_0a\" width=\"229\" height=\"251\" srcset=\"https:\/\/kozlowo-sorkwity.pl\/wp-content\/uploads\/2015\/03\/Kos-1_0a1-274x300.jpg 274w, https:\/\/kozlowo-sorkwity.pl\/wp-content\/uploads\/2015\/03\/Kos-1_0a1.jpg 457w\" sizes=\"(max-width: 229px) 100vw, 229px\" \/><\/a> <a href=\"http:\/\/kozlowo-sorkwity.pl\/wp-content\/uploads\/2015\/03\/Kos-1_01a1.jpg\"><img loading=\"lazy\" decoding=\"async\" class=\"alignnone wp-image-43\" src=\"http:\/\/kozlowo-sorkwity.pl\/wp-content\/uploads\/2015\/03\/Kos-1_01a1-300x195.jpg\" alt=\"Kos-1_01a\" width=\"388\" height=\"252\" srcset=\"https:\/\/kozlowo-sorkwity.pl\/wp-content\/uploads\/2015\/03\/Kos-1_01a1-300x195.jpg 300w, https:\/\/kozlowo-sorkwity.pl\/wp-content\/uploads\/2015\/03\/Kos-1_01a1.jpg 500w\" sizes=\"(max-width: 388px) 100vw, 388px\" \/><\/a><\/p>\n<p>Jednoklasowa szko\u0142a zosta\u0142a za\u0142o\u017cona ok. 1740 roku, by\u0142a ona pod patronatem szlacheckim. W 1935 roku istnia\u0142a trzyklasowa szko\u0142a z dwoma nauczycielami i uczy\u0142o si\u0119 w niej 112 dzieci. Koz\u0142owo nale\u017ca\u0142o do parafii w Rybnie. W 1939r. liczy\u0142o \u0142\u0105cznie z folwarkami 436 mieszka\u0144c\u00f3w.<\/p>\n<p>Do so\u0142ectwa n<a href=\"http:\/\/kozlowo-sorkwity.pl\/wp-content\/uploads\/2015\/03\/Kos-1_18d1.jpg\"><img loading=\"lazy\" decoding=\"async\" class=\" wp-image-46 alignright\" src=\"http:\/\/kozlowo-sorkwity.pl\/wp-content\/uploads\/2015\/03\/Kos-1_18d1-300x185.jpg\" alt=\"Kos-1_18d\" width=\"248\" height=\"153\" srcset=\"https:\/\/kozlowo-sorkwity.pl\/wp-content\/uploads\/2015\/03\/Kos-1_18d1-300x185.jpg 300w, https:\/\/kozlowo-sorkwity.pl\/wp-content\/uploads\/2015\/03\/Kos-1_18d1.jpg 500w\" sizes=\"(max-width: 248px) 100vw, 248px\" \/><\/a>ale\u017c\u0105 miejscowo\u015bci Kobylec (Rossgarten) osada powsta\u0142a ok. 1800r. na dzier\u017cawie dziedzicznej nad jeziorem Babi\u0119ty Ma\u0142e i Lesiny zwane tak\u017ceLesinowo by\u0142a osad\u0105 czynszow\u0105 powsta\u0142\u0105 ok. 1800r.<\/p>\n<p>W roku 1838 liczy\u0142y 2 dymy i mieszka\u0142o 6 os\u00f3b. P\u00f3\u017cniej by\u0142a tam le\u015bnicz\u00f3wka.<\/p>\n<p>&nbsp;<\/p>\n<p><a href=\"http:\/\/kozlowo-sorkwity.pl\/wp-content\/uploads\/2015\/03\/Kos-1_01c1.jpg\"><img loading=\"lazy\" decoding=\"async\" class=\"alignnone wp-image-44\" src=\"http:\/\/kozlowo-sorkwity.pl\/wp-content\/uploads\/2015\/03\/Kos-1_01c1-300x193.jpg\" alt=\"Kos-1_01c\" width=\"337\" height=\"217\" srcset=\"https:\/\/kozlowo-sorkwity.pl\/wp-content\/uploads\/2015\/03\/Kos-1_01c1-300x193.jpg 300w, https:\/\/kozlowo-sorkwity.pl\/wp-content\/uploads\/2015\/03\/Kos-1_01c1.jpg 500w\" sizes=\"(max-width: 337px) 100vw, 337px\" \/><\/a>&nbsp;&nbsp; <a href=\"http:\/\/kozlowo-sorkwity.pl\/wp-content\/uploads\/2015\/03\/Kos-1_07a.jpg\"><img loading=\"lazy\" decoding=\"async\" class=\"alignnone wp-image-38\" src=\"http:\/\/kozlowo-sorkwity.pl\/wp-content\/uploads\/2015\/03\/Kos-1_07a-300x242.jpg\" alt=\"Kos-1_07a\" width=\"269\" height=\"217\" srcset=\"https:\/\/kozlowo-sorkwity.pl\/wp-content\/uploads\/2015\/03\/Kos-1_07a-300x242.jpg 300w, https:\/\/kozlowo-sorkwity.pl\/wp-content\/uploads\/2015\/03\/Kos-1_07a.jpg 500w\" sizes=\"(max-width: 269px) 100vw, 269px\" \/><\/a><\/p>\n<p>Zdj\u0119cia z pocz\u0105tku XX w.<\/p>\n<p>Obecnie planowana budowa fermy indyk\u00f3w nie ma nic wsp\u00f3lnego z tendencj\u0105 rozwojow\u0105 Koz\u0142owa a wydanie zgody na jej realizacj\u0119 by\u0142oby wyrazem braku odpowiedzialno\u015bci wobec mieszka\u0144c\u00f3w i \u015brodowiska. Brak plan\u00f3w zagospodarowania przestrzennego nie mo\u017ce by\u0107 wyt\u0142umaczeniem dla zaistnia\u0142ej sytuacji.<\/p>\n<p><strong>Nie mo\u017cna jednocze\u015bnie chroni\u0107 Dyrektywami Unijnymi ptak\u00f3w, dla kt\u00f3rych wyznacza si\u0119 obszary specjalnej ochrony a z drugiej strony zabiera\u0107 im \u017cerowisk poprzez intensyfikacj\u0119 rolnictwa monokulturowego i nieadekwatn\u0105 do skali wioski produkcj\u0119 zwierz\u0119c\u0105.<\/strong><\/p>\n<p><a href=\"http:\/\/kozlowo-sorkwity.pl\/wp-content\/uploads\/2015\/03\/20000101_00000014.jpg\"><img loading=\"lazy\" decoding=\"async\" class=\"alignnone wp-image-171\" src=\"http:\/\/kozlowo-sorkwity.pl\/wp-content\/uploads\/2015\/03\/20000101_00000014-300x225.jpg\" alt=\"20000101_000000(14)\" width=\"287\" height=\"215\" srcset=\"https:\/\/kozlowo-sorkwity.pl\/wp-content\/uploads\/2015\/03\/20000101_00000014-300x225.jpg 300w, https:\/\/kozlowo-sorkwity.pl\/wp-content\/uploads\/2015\/03\/20000101_00000014-1024x768.jpg 1024w, https:\/\/kozlowo-sorkwity.pl\/wp-content\/uploads\/2015\/03\/20000101_00000014.jpg 1280w\" sizes=\"(max-width: 287px) 100vw, 287px\" \/><\/a><\/p>\n<p>Zwi\u0105zany z powy\u017csz\u0105 inwestycj\u0105 wzmo\u017cony ruch ci\u0119\u017ckich maszyn rolniczych spowoduje powa\u017cn\u0105 degradacj\u0119 \u015brodowiska. Ruch ju\u017c obecnie da\u0142 si\u0119 odczu\u0107 mieszka\u0144com Koz\u0142owa, poniewa\u017c przysz\u0142y inwestor wywozi regularnie na pola odchody ze swojej fermy w Rybnie. Stara ulicowa zabudowa tej wsi i w\u0105skie drogi nie s\u0105 na takie obci\u0105\u017cenia przygotowane.<\/p>\n<p><strong>Wybudowanie kolejnych kurnik\u00f3w spowoduje dalsz\u0105 degradacj\u0119 \u015brodowiska naturalnego .<\/strong><\/p>\n<p><strong>Wydanie zgody na proponowan\u0105 przez inwestora ferm\u0119 indyk\u00f3w w Koz\u0142owie poci\u0105gnie za sob\u0105 kolejne negatywne i nieodwracalne skutki dla \u015brodowiska, mieszka\u0144c\u00f3w Koz\u0142owa i ich pokole\u0144.<\/strong><\/p>\n<p><a href=\"http:\/\/kozlowo-sorkwity.pl\/wp-content\/uploads\/2015\/03\/20000101_0000008.jpg\"><img loading=\"lazy\" decoding=\"async\" class=\"alignnone wp-image-165\" src=\"http:\/\/kozlowo-sorkwity.pl\/wp-content\/uploads\/2015\/03\/20000101_0000008-300x225.jpg\" alt=\"20000101_000000(8)\" width=\"204\" height=\"153\" srcset=\"https:\/\/kozlowo-sorkwity.pl\/wp-content\/uploads\/2015\/03\/20000101_0000008-300x225.jpg 300w, https:\/\/kozlowo-sorkwity.pl\/wp-content\/uploads\/2015\/03\/20000101_0000008-1024x768.jpg 1024w, https:\/\/kozlowo-sorkwity.pl\/wp-content\/uploads\/2015\/03\/20000101_0000008.jpg 1280w\" sizes=\"(max-width: 204px) 100vw, 204px\" \/><\/a> <a href=\"http:\/\/kozlowo-sorkwity.pl\/wp-content\/uploads\/2015\/03\/20000101_0000007.jpg\"><img loading=\"lazy\" decoding=\"async\" class=\"alignnone wp-image-164\" src=\"http:\/\/kozlowo-sorkwity.pl\/wp-content\/uploads\/2015\/03\/20000101_0000007-300x225.jpg\" alt=\"20000101_000000(7)\" width=\"202\" height=\"151\" srcset=\"https:\/\/kozlowo-sorkwity.pl\/wp-content\/uploads\/2015\/03\/20000101_0000007-300x225.jpg 300w, https:\/\/kozlowo-sorkwity.pl\/wp-content\/uploads\/2015\/03\/20000101_0000007-1024x768.jpg 1024w, https:\/\/kozlowo-sorkwity.pl\/wp-content\/uploads\/2015\/03\/20000101_0000007.jpg 1280w\" sizes=\"(max-width: 202px) 100vw, 202px\" \/><\/a> <a href=\"http:\/\/kozlowo-sorkwity.pl\/wp-content\/uploads\/2015\/03\/20000101_0000009.jpg\"><img loading=\"lazy\" decoding=\"async\" class=\"alignnone wp-image-166\" src=\"http:\/\/kozlowo-sorkwity.pl\/wp-content\/uploads\/2015\/03\/20000101_0000009-300x225.jpg\" alt=\"20000101_000000(9)\" width=\"202\" height=\"151\" srcset=\"https:\/\/kozlowo-sorkwity.pl\/wp-content\/uploads\/2015\/03\/20000101_0000009-300x225.jpg 300w, https:\/\/kozlowo-sorkwity.pl\/wp-content\/uploads\/2015\/03\/20000101_0000009-1024x768.jpg 1024w, https:\/\/kozlowo-sorkwity.pl\/wp-content\/uploads\/2015\/03\/20000101_0000009.jpg 1280w\" sizes=\"(max-width: 202px) 100vw, 202px\" \/><\/a><\/p>\n<p><a href=\"http:\/\/kozlowo-sorkwity.pl\/wp-content\/uploads\/2015\/03\/20000101_00000011.jpg\"><img loading=\"lazy\" decoding=\"async\" class=\"alignnone wp-image-274\" src=\"http:\/\/kozlowo-sorkwity.pl\/wp-content\/uploads\/2015\/03\/20000101_00000011-300x225.jpg\" alt=\"20000101_000000(11)\" width=\"203\" height=\"152\" srcset=\"https:\/\/kozlowo-sorkwity.pl\/wp-content\/uploads\/2015\/03\/20000101_00000011-300x225.jpg 300w, https:\/\/kozlowo-sorkwity.pl\/wp-content\/uploads\/2015\/03\/20000101_00000011-1024x768.jpg 1024w, https:\/\/kozlowo-sorkwity.pl\/wp-content\/uploads\/2015\/03\/20000101_00000011.jpg 1280w\" sizes=\"(max-width: 203px) 100vw, 203px\" \/><\/a> <a href=\"http:\/\/kozlowo-sorkwity.pl\/wp-content\/uploads\/2015\/03\/110327_125845.jpg\"><img loading=\"lazy\" decoding=\"async\" class=\"alignnone wp-image-272\" src=\"http:\/\/kozlowo-sorkwity.pl\/wp-content\/uploads\/2015\/03\/110327_125845-300x225.jpg\" alt=\"110327_125845\" width=\"202\" height=\"151\" srcset=\"https:\/\/kozlowo-sorkwity.pl\/wp-content\/uploads\/2015\/03\/110327_125845-300x225.jpg 300w, https:\/\/kozlowo-sorkwity.pl\/wp-content\/uploads\/2015\/03\/110327_125845.jpg 640w\" sizes=\"(max-width: 202px) 100vw, 202px\" \/><\/a><a href=\"http:\/\/kozlowo-sorkwity.pl\/wp-content\/uploads\/2015\/03\/110330_080932.jpg\"><img loading=\"lazy\" decoding=\"async\" class=\"alignnone wp-image-273\" src=\"http:\/\/kozlowo-sorkwity.pl\/wp-content\/uploads\/2015\/03\/110330_080932-300x225.jpg\" alt=\"110330_080932\" width=\"203\" height=\"152\" srcset=\"https:\/\/kozlowo-sorkwity.pl\/wp-content\/uploads\/2015\/03\/110330_080932-300x225.jpg 300w, https:\/\/kozlowo-sorkwity.pl\/wp-content\/uploads\/2015\/03\/110330_080932.jpg 640w\" sizes=\"(max-width: 203px) 100vw, 203px\" \/><\/a><\/p>\n<p>&nbsp;<\/p>\n","protected":false},"excerpt":{"rendered":"<p>Wie\u015b Koz\u0142owo le\u017cy w granicach obszaru \u201eNatura 2000 Puszcza Piska\u201d, i cz\u0119\u015bciowo na obszarze ochrony siedlisk \u201eNatura 2000 Ostoja Piska\u201d i \u201eZespo\u0142u Przyrodniczo-Krajobrazowego Rzeka Babant i Jezioro Bia\u0142e\u201d, we wsi rozwin\u0119\u0142a si\u0119 agroturystyka, co sprawi\u0142o, i\u017c Koz\u0142owo nabra\u0142o charakteru \u201ekrajobrazowo &#8211; rekreacyjno \u2013 rolniczego\u201d. Wie\u015b przez wiele lat rozwin\u0119\u0142a si\u0119 na zasadach zr\u00f3wnowa\u017conego rozwoju, gosp. &hellip; <\/p>\n<p class=\"link-more\"><a href=\"https:\/\/kozlowo-sorkwity.pl\/?page_id=4\" class=\"more-link\">Continue reading<span class=\"screen-reader-text\"> &#8220;Koz\u0142owo&#8221;<\/span><\/a><\/p>\n","protected":false},"author":1,"featured_media":0,"parent":0,"menu_order":2,"comment_status":"closed","ping_status":"closed","template":"","meta":{"footnotes":""},"class_list":["post-4","page","type-page","status-publish","hentry"],"_links":{"self":[{"href":"https:\/\/kozlowo-sorkwity.pl\/index.php?rest_route=\/wp\/v2\/pages\/4"}],"collection":[{"href":"https:\/\/kozlowo-sorkwity.pl\/index.php?rest_route=\/wp\/v2\/pages"}],"about":[{"href":"https:\/\/kozlowo-sorkwity.pl\/index.php?rest_route=\/wp\/v2\/types\/page"}],"author":[{"embeddable":true,"href":"https:\/\/kozlowo-sorkwity.pl\/index.php?rest_route=\/wp\/v2\/users\/1"}],"replies":[{"embeddable":true,"href":"https:\/\/kozlowo-sorkwity.pl\/index.php?rest_route=%2Fwp%2Fv2%2Fcomments&post=4"}],"version-history":[{"count":50,"href":"https:\/\/kozlowo-sorkwity.pl\/index.php?rest_route=\/wp\/v2\/pages\/4\/revisions"}],"predecessor-version":[{"id":488,"href":"https:\/\/kozlowo-sorkwity.pl\/index.php?rest_route=\/wp\/v2\/pages\/4\/revisions\/488"}],"wp:attachment":[{"href":"https:\/\/kozlowo-sorkwity.pl\/index.php?rest_route=%2Fwp%2Fv2%2Fmedia&parent=4"}],"curies":[{"name":"wp","href":"https:\/\/api.w.org\/{rel}","templated":true}]}}