{"id":105,"date":"2015-03-23T15:18:23","date_gmt":"2015-03-23T15:18:23","guid":{"rendered":"http:\/\/kozlowo-sorkwity.pl\/?page_id=105"},"modified":"2024-04-20T16:57:19","modified_gmt":"2024-04-20T16:57:19","slug":"o-nas","status":"publish","type":"page","link":"https:\/\/kozlowo-sorkwity.pl\/?page_id=105","title":{"rendered":"O nas"},"content":{"rendered":"<p><strong>od 18.04.2024 dzia\u0142a Fundacja pod nazw\u0105:<\/strong><\/p>\n<h4><strong>Fundacja na rzecz ochrony Puszczy Piskiej i Ostoi Piskiej.<\/strong><\/h4>\n<p><strong>Cele fundacji:<\/strong><\/p>\n<p lang=\"pl-PL\" align=\"JUSTIFY\">1) podejmowanie dzia\u0142a\u0144 umo\u017cliwiaj\u0105cych zachowanie oraz przywracanie r\u00f3wnowagi przyrodniczej;<\/p>\n<p lang=\"pl-PL\" align=\"JUSTIFY\">2) racjonalne kszta\u0142towanie lokalnego \u015brodowiska i gospodarowanie jego zasobami, zgodnie z zasad\u0105 zr\u00f3wnowa\u017conego rozwoju;<\/p>\n<p lang=\"pl-PL\" align=\"JUSTIFY\">3) przeciwdzia\u0142anie zanieczyszczeniom i degradacji \u015brodowiska lokalnego;<\/p>\n<p lang=\"pl-PL\" align=\"JUSTIFY\">4) szeroko poj\u0119te dzia\u0142ania na rzecz lokalnego krajobrazu w stanie nienaruszonym, na rzecz ochrony zagro\u017conych gatunk\u00f3w ro\u015blin i zwierz\u0105t oraz na rzecz przywracania element\u00f3w \u015brodowiska do stanu w\u0142a\u015bciwego;<\/p>\n<p lang=\"pl-PL\" align=\"JUSTIFY\">5) wspieranie dzia\u0142a\u0144 zmierzaj\u0105cych do ochrony lokalnego \u015brodowiska przyrodniczego, spo\u0142ecznego i kulturowego;<\/p>\n<p lang=\"pl-PL\" align=\"JUSTIFY\"><a name=\"_GoBack\"><\/a> 6) interweniowanie w przypadkach, gdy naruszanie przepis\u00f3w ochrony \u015brodowiska, skutkuje jego degradacj\u0105 lub pogarszaniem \u017cycia mieszka\u0144c\u00f3w;<\/p>\n<p lang=\"pl-PL\" align=\"JUSTIFY\">7) budowanie, rozwijanie i umacnianie postaw, maj\u0105cych na celu zachowanie oraz przywracanie r\u00f3wnowagi przyrodniczej.<\/p>\n<p style=\"text-align: left;\"><span lang=\"pl-PL\"><b>Fundacja realizuje swoje cele poprzez:<\/b><\/span><\/p>\n<ol style=\"text-align: left;\">\n<li>\n<p lang=\"pl-PL\">Podejmowanie dzia\u0142a\u0144 w przypadku gdy nast\u0105pi degradacja \u015brodowiska i naruszone zostan\u0105 przepisy ochrony przyrody:<\/p>\n<\/li>\n<\/ol>\n<p lang=\"pl-PL\" style=\"text-align: left;\">a. konsultacje ze specjalistami<\/p>\n<p lang=\"pl-PL\" style=\"text-align: left;\">b. konsultacje z bezpo\u015brednio dotkni\u0119tymi problemem<\/p>\n<p lang=\"pl-PL\" style=\"text-align: left;\">c. ustalanie dzia\u0142a\u0144 w celu rozwi\u0105zania problemu w\u0142\u0105cznie z udzia\u0142em na drodze s\u0105dowej.<\/p>\n<ol style=\"text-align: left;\" start=\"2\">\n<li>\n<p lang=\"pl-PL\">Poradnictwo obywatelskie, w postaci niezale\u017cnych us\u0142ug wspieraj\u0105cych<br \/>\nsamodzielno\u015b\u0107 obywateli.<\/p>\n<\/li>\n<\/ol>\n<p lang=\"pl-PL\" style=\"text-align: left;\">3. Branie udzia\u0142u na prawach strony w post\u0119powaniach administracyjno \u2013 s\u0105dowych przed s\u0105dami administracyjnymi, WSA, NSA.<\/p>\n<p lang=\"pl-PL\" style=\"text-align: left;\">4. Wsp\u00f3\u0142prac\u0119 z w\u0142adzami samorz\u0105dowymi, rz\u0105dowymi i organizacjami pozarz\u0105dowymi w zakresie wymienionym w celach dzia\u0142ania Fundacji.<\/p>\n<p lang=\"pl-PL\"><strong>Nadz\u00f3r nad Fundacj\u0105 sprawuje Minister Klimatu i \u015arodowiska i starosta powiatu na terenie kt\u00f3rego jest siedziba. (Warszawa)<br \/>\n<\/strong><\/p>\n<p>__________________________________________________________________________________________________________________________________________________________<\/p>\n<p>&#8211; Stowarzyszenie nasze nosi nazw\u0119:<\/p>\n<p><strong><em>Stowarzyszenie Mi\u0142o\u015bnik\u00f3w Mazur i Koz\u0142owa w Gminie Sorkwity<\/em><\/strong><\/p>\n<p>&#8211; Terenem dzia\u0142ania Stowarzyszenia jest Koz\u0142owo w gminie Sorkwity i jego okolice;<\/p>\n<p>&#8211; Siedzib\u0105 Stowarzyszenia jest 03 -505 Warszawa, ul. \u015awi\u0119tego Wincentego 18;<\/p>\n<p>&#8211; Stowarzyszenie jest zawi\u0105zane na czas nieokre\u015blony. Dzia\u0142a na podstawie niniejszego regulaminu oraz przepis\u00f3w ustawy z dnia 7\u00a0 kwietnia 1989r. \/ Prawo o stowarzyszeniach (Dz. U. z 2001r. Nr 79, poz. 855 ze zm. );<\/p>\n<p>&#8211; Stowarzyszenie opiera swoj\u0105 dzia\u0142alno\u015b\u0107 na pracy spo\u0142ecznej cz\u0142onk\u00f3w;<\/p>\n<p>&#8211; Stowarzyszenie uzyskuje \u015brodki na swoj\u0105 dzia\u0142alno\u015b\u0107 z dobrowolnych sk\u0142adek cz\u0142onkowskich.<\/p>\n<p><a href=\"http:\/\/kozlowo-sorkwity.pl\/wp-content\/uploads\/2015\/03\/DSC_0431.jpg\"><img loading=\"lazy\" decoding=\"async\" class=\"  wp-image-292 alignleft\" src=\"http:\/\/kozlowo-sorkwity.pl\/wp-content\/uploads\/2015\/03\/DSC_0431-300x201.jpg\" alt=\"DSC_0431\" width=\"264\" height=\"177\" srcset=\"https:\/\/kozlowo-sorkwity.pl\/wp-content\/uploads\/2015\/03\/DSC_0431-300x201.jpg 300w, https:\/\/kozlowo-sorkwity.pl\/wp-content\/uploads\/2015\/03\/DSC_0431-1024x685.jpg 1024w\" sizes=\"(max-width: 264px) 100vw, 264px\" \/><\/a><em><strong>Celem naszego Stowarzyszenia jest:<\/strong><\/em><\/p>\n<p>&#8211; organizowanie spotka\u0144, prelekcji, wystaw, koncert\u00f3w i innych imprez;<\/p>\n<p>&#8211; wsp\u00f3\u0142praca z osobami lub organizacjami o podobnych celach dzia\u0142ania;<\/p>\n<p>&#8211; wyst\u0119powanie z wnioskami i opiniami do w\u0142a\u015bciwych organ\u00f3w administracji w przypadku naruszania odpowiednich przepis\u00f3w;<\/p>\n<p>&#8211; wspieranie dzia\u0142a\u0144 zmierzaj\u0105cych do ochrony lokalnego \u015brodowiska;<\/p>\n<p>&#8211; popularyzowanie wiedzy z dziedziny ekologii w\u015br\u00f3d spo\u0142ecze\u0144stwa;<\/p>\n<p>&#8211; interweniowanie w przypadku gdy naruszanie przepis\u00f3w ochrony \u015brodowiska skutkuje jego degradacj\u0105 lub pogarszaniem \u017cycia\u00a0\u00a0 mieszka\u0144c\u00f3w Koz\u0142owa;<\/p>\n<p><strong>&#8211; podejmowanie dzia\u0142a\u0144 umo\u017cliwiaj\u0105cych zachowanie lub przywracanie r\u00f3wnowagi przyrodniczej, racjonalnym kszta\u0142towaniu lokalnego \u015brodowiska i gospodarowaniu jego zasobami z zasad\u0105 zr\u00f3wnowa\u017conego rozwoju, w tym w szczeg\u00f3lno\u015bci przeciwdzia\u0142aniu zanieczyszczeniom i degradacji \u015brodowiska lokalnego, dzia\u0142a\u0144 na rzecz lokalnego krajobrazu w stanie nie naruszonym, ochrony zagro\u017conych gatunk\u00f3w ro\u015blin i zwierz\u0105t, oraz dzia\u0142a\u0144 na rzecz przywracania element\u00f3w do stanu w\u0142a\u015bciwego.<\/strong><\/p>\n","protected":false},"excerpt":{"rendered":"<p>od 18.04.2024 dzia\u0142a Fundacja pod nazw\u0105: Fundacja na rzecz ochrony Puszczy Piskiej i Ostoi Piskiej. Cele fundacji: 1) podejmowanie dzia\u0142a\u0144 umo\u017cliwiaj\u0105cych zachowanie oraz przywracanie r\u00f3wnowagi przyrodniczej; 2) racjonalne kszta\u0142towanie lokalnego \u015brodowiska i gospodarowanie jego zasobami, zgodnie z zasad\u0105 zr\u00f3wnowa\u017conego rozwoju; 3) przeciwdzia\u0142anie zanieczyszczeniom i degradacji \u015brodowiska lokalnego; 4) szeroko poj\u0119te dzia\u0142ania na rzecz lokalnego krajobrazu &hellip; <\/p>\n<p class=\"link-more\"><a href=\"https:\/\/kozlowo-sorkwity.pl\/?page_id=105\" class=\"more-link\">Continue reading<span class=\"screen-reader-text\"> &#8220;O nas&#8221;<\/span><\/a><\/p>\n","protected":false},"author":1,"featured_media":0,"parent":0,"menu_order":0,"comment_status":"closed","ping_status":"closed","template":"","meta":{"footnotes":""},"class_list":["post-105","page","type-page","status-publish","hentry"],"_links":{"self":[{"href":"https:\/\/kozlowo-sorkwity.pl\/index.php?rest_route=\/wp\/v2\/pages\/105"}],"collection":[{"href":"https:\/\/kozlowo-sorkwity.pl\/index.php?rest_route=\/wp\/v2\/pages"}],"about":[{"href":"https:\/\/kozlowo-sorkwity.pl\/index.php?rest_route=\/wp\/v2\/types\/page"}],"author":[{"embeddable":true,"href":"https:\/\/kozlowo-sorkwity.pl\/index.php?rest_route=\/wp\/v2\/users\/1"}],"replies":[{"embeddable":true,"href":"https:\/\/kozlowo-sorkwity.pl\/index.php?rest_route=%2Fwp%2Fv2%2Fcomments&post=105"}],"version-history":[{"count":25,"href":"https:\/\/kozlowo-sorkwity.pl\/index.php?rest_route=\/wp\/v2\/pages\/105\/revisions"}],"predecessor-version":[{"id":652,"href":"https:\/\/kozlowo-sorkwity.pl\/index.php?rest_route=\/wp\/v2\/pages\/105\/revisions\/652"}],"wp:attachment":[{"href":"https:\/\/kozlowo-sorkwity.pl\/index.php?rest_route=%2Fwp%2Fv2%2Fmedia&parent=105"}],"curies":[{"name":"wp","href":"https:\/\/api.w.org\/{rel}","templated":true}]}}